{"id":59,"date":"2024-11-02T14:34:40","date_gmt":"2024-11-02T14:34:40","guid":{"rendered":"https:\/\/store.watchfit.tech\/?page_id=59"},"modified":"2025-12-24T04:34:25","modified_gmt":"2025-12-24T03:34:25","slug":"home","status":"publish","type":"page","link":"https:\/\/blog.watchfit.tech\/it\/home\/","title":{"rendered":"Casa"},"content":{"rendered":"<div class=\"wp-block-cover alignfull has-parallax has-custom-content-position is-position-bottom-center animated fadeIn slower\" style=\"min-height:700px;aspect-ratio:unset;\"><div class=\"wp-block-cover__image-background wp-image-1808 size-large has-parallax\" style=\"background-position:50% 50%;background-image:url(https:\/\/blog.watchfit.tech\/wp-content\/uploads\/2025\/08\/DSC09596-685x1024.webp)\"><\/div><span aria-hidden=\"true\" class=\"wp-block-cover__background has-background-dim-60 has-background-dim\" style=\"background-color:#3d3a39\"><\/span><div class=\"wp-block-cover__inner-container is-layout-flow wp-block-cover-is-layout-flow\">\n<div style=\"height:140px\" aria-hidden=\"true\" class=\"wp-block-spacer\"><\/div>\n\n\n\n<h1 class=\"wp-block-heading has-text-align-center has-nv-site-bg-color has-text-color\">Allenati con l'Intelligenza Artificiale<\/h1>\n\n\n\n<p class=\"has-text-align-center has-nv-site-bg-color has-text-color\" style=\"font-size:clamp(14px, 0.875rem + ((1vw - 3.2px) * 0.306), 17px);px\">Traccia i tuoi risultati<\/p>\n\n\n\n<div class=\"wp-block-buttons is-horizontal is-content-justification-center is-layout-flex wp-container-core-buttons-is-layout-03627597 wp-block-buttons-is-layout-flex\">\n<div class=\"wp-block-button is-style-secondary is-style-outline is-style-outline--1\"><a class=\"wp-block-button__link has-nv-site-bg-color has-text-color wp-element-button\" href=\"https:\/\/blog.watchfit.tech\/it\/product\/early-sub-year\/\">Ottieni il tuo<\/a><\/div>\n<\/div>\n\n\n\n<div style=\"height:60px\" aria-hidden=\"true\" class=\"wp-block-spacer\"><\/div>\n\n\n\n<div style=\"height:40px\" aria-hidden=\"true\" class=\"wp-block-spacer\"><\/div>\n<\/div><\/div>\n\n\n\n<div class=\"wp-block-media-text alignfull is-stacked-on-mobile is-vertically-aligned-center animated fadeInRight slower o-anim-offset-40%\" style=\"grid-template-columns:35% auto\"><figure class=\"wp-block-media-text__media\"><img loading=\"lazy\" decoding=\"async\" width=\"962\" height=\"1024\" src=\"https:\/\/blog.watchfit.tech\/wp-content\/uploads\/2025\/09\/erasebg-transformed-2-962x1024.webp\" alt=\"\" class=\"wp-image-1921 size-full\" srcset=\"https:\/\/blog.watchfit.tech\/wp-content\/uploads\/2025\/09\/erasebg-transformed-2-962x1024.webp 962w, https:\/\/blog.watchfit.tech\/wp-content\/uploads\/2025\/09\/erasebg-transformed-2-282x300.webp 282w, https:\/\/blog.watchfit.tech\/wp-content\/uploads\/2025\/09\/erasebg-transformed-2-768x818.webp 768w, https:\/\/blog.watchfit.tech\/wp-content\/uploads\/2025\/09\/erasebg-transformed-2-600x639.webp 600w, https:\/\/blog.watchfit.tech\/wp-content\/uploads\/2025\/09\/erasebg-transformed-2.webp 992w\" sizes=\"auto, (max-width: 962px) 100vw, 962px\" \/><\/figure><div class=\"wp-block-media-text__content\">\n<div style=\"height:100px\" aria-hidden=\"true\" class=\"wp-block-spacer\"><\/div>\n\n\n\n<h1 class=\"wp-block-heading has-text-align-left has-neve-text-color-color has-text-color has-x-large-font-size\">Perch\u00e9 scegliere WATCHFIT?<\/h1>\n\n\n\n<p class=\"has-text-align-left has-neve-text-color-color has-text-color\" style=\"font-size:clamp(14px, 0.875rem + ((1vw - 3.2px) * 0.306), 17px);px\">Il WatchFit Band \u00e8 pi\u00f9 di un fitness tracker: \u00e8 il vostro allenatore intelligente, che vi permette di allenarvi in modo pi\u00f9 intelligente, non pi\u00f9 duro. Grazie al rilevamento in tempo reale e al riconoscimento degli esercizi da parte dell'intelligenza artificiale, WatchFit si adatta a ogni vostro movimento, garantendovi di ottenere il massimo da ogni allenamento.<\/p>\n\n\n\n<div class=\"wp-block-buttons is-horizontal is-content-justification-left is-layout-flex wp-container-core-buttons-is-layout-20be11b6 wp-block-buttons-is-layout-flex\">\n<div class=\"wp-block-button is-style-primary is-style-fill\"><a class=\"wp-block-button__link wp-element-button\" href=\"https:\/\/store.watchfit.tech\/\"><strong>ISCRIVITI ORA<\/strong><\/a><\/div>\n<\/div>\n\n\n\n<div style=\"height:20px\" aria-hidden=\"true\" class=\"wp-block-spacer\"><\/div>\n\n\n\n<p><em>Alimentato dall'algoritmo AI e dalla chat GPT-4o<\/em><\/p>\n\n\n\n<div style=\"height:100px\" aria-hidden=\"true\" class=\"wp-block-spacer\"><\/div>\n<\/div><\/div>\n\n\n\n<p><\/p>\n\n\n\n<div class=\"wp-block-group alignfull is-layout-constrained wp-container-core-group-is-layout-e220c6fd wp-block-group-is-layout-constrained\" style=\"margin-top:0;margin-bottom:0;padding-top:calc( 0.5 * var(--wp--style--root--padding-right, var(--wp--custom--gap--horizontal)));padding-right:var(--wp--style--root--padding-right, var(--wp--custom--gap--horizontal));padding-bottom:calc( 0.5 * var(--wp--style--root--padding-right, var(--wp--custom--gap--horizontal)));padding-left:var(--wp--style--root--padding-left, var(--wp--custom--gap--horizontal))\">\n<div style=\"height:calc( 0.25 * var(--wp--style--root--padding-right, var(--wp--custom--gap--horizontal)))\" aria-hidden=\"true\" class=\"wp-block-spacer\"><\/div>\n\n\n\n<div class=\"wp-block-group alignwide is-layout-constrained wp-block-group-is-layout-constrained\">\n<h2 class=\"wp-block-heading alignwide has-text-align-center o-typing-delay-1s\" style=\"font-style:normal;font-weight:100\"><strong>Ecco tre semplici passi per iniziare l'allenamento.<\/strong><\/h2>\n<\/div>\n\n\n\n<div style=\"height:var(--wp--preset--spacing--20)\" aria-hidden=\"true\" class=\"wp-block-spacer\"><\/div>\n\n\n\n<div class=\"wp-block-columns alignwide is-layout-flex wp-container-core-columns-is-layout-d0846407 wp-block-columns-is-layout-flex\">\n<div class=\"wp-block-column is-layout-flow wp-block-column-is-layout-flow\">\n<figure class=\"wp-block-image size-full has-custom-border animated fadeInUp slower o-anim-offset-300px is-style-rounded\"><img loading=\"lazy\" decoding=\"async\" width=\"806\" height=\"1253\" src=\"https:\/\/blog.watchfit.tech\/wp-content\/uploads\/2025\/08\/DSC09650-e1755133259239.webp\" alt=\"\" class=\"wp-image-1800\" style=\"border-radius:30px;aspect-ratio:1;object-fit:cover\" srcset=\"https:\/\/blog.watchfit.tech\/wp-content\/uploads\/2025\/08\/DSC09650-e1755133259239.webp 806w, https:\/\/blog.watchfit.tech\/wp-content\/uploads\/2025\/08\/DSC09650-e1755133259239-600x933.webp 600w, https:\/\/blog.watchfit.tech\/wp-content\/uploads\/2025\/08\/DSC09650-e1755133259239-193x300.webp 193w, https:\/\/blog.watchfit.tech\/wp-content\/uploads\/2025\/08\/DSC09650-e1755133259239-659x1024.webp 659w, https:\/\/blog.watchfit.tech\/wp-content\/uploads\/2025\/08\/DSC09650-e1755133259239-768x1194.webp 768w\" sizes=\"auto, (max-width: 806px) 100vw, 806px\" \/><\/figure>\n\n\n\n<div style=\"height:4px\" aria-hidden=\"true\" class=\"wp-block-spacer\"><\/div>\n\n\n\n<div class=\"wp-block-group is-layout-flow wp-block-group-is-layout-flow\">\n<h3 class=\"wp-block-heading is-service-name has-medium-font-size\" style=\"font-style:normal;font-weight:700\">1. Indossare<\/h3>\n<\/div>\n\n\n\n<p class=\"is-service-description\">Non ci sono schermi che distolgano l'attenzione, per rimanere completamente concentrati sull'allenamento. \u00c8 possibile scegliere <strong>posizioni diverse<\/strong> per utilizzarlo: polso, braccio, gamba o caviglia....<\/p>\n<\/div>\n\n\n\n<div class=\"wp-block-column is-layout-flow wp-block-column-is-layout-flow\">\n<figure class=\"wp-block-image size-full has-custom-border animated fadeInUp slower o-anim-offset-300px is-style-rounded\"><img loading=\"lazy\" decoding=\"async\" width=\"1369\" height=\"2048\" src=\"https:\/\/blog.watchfit.tech\/wp-content\/uploads\/2025\/08\/DSC09848.webp\" alt=\"\" class=\"wp-image-1804\" style=\"border-radius:30px;aspect-ratio:1;object-fit:cover\" srcset=\"https:\/\/blog.watchfit.tech\/wp-content\/uploads\/2025\/08\/DSC09848.webp 1369w, https:\/\/blog.watchfit.tech\/wp-content\/uploads\/2025\/08\/DSC09848-600x898.webp 600w, https:\/\/blog.watchfit.tech\/wp-content\/uploads\/2025\/08\/DSC09848-201x300.webp 201w, https:\/\/blog.watchfit.tech\/wp-content\/uploads\/2025\/08\/DSC09848-685x1024.webp 685w, https:\/\/blog.watchfit.tech\/wp-content\/uploads\/2025\/08\/DSC09848-768x1149.webp 768w, https:\/\/blog.watchfit.tech\/wp-content\/uploads\/2025\/08\/DSC09848-1027x1536.webp 1027w\" sizes=\"auto, (max-width: 1369px) 100vw, 1369px\" \/><\/figure>\n\n\n\n<div style=\"height:4px\" aria-hidden=\"true\" class=\"wp-block-spacer\"><\/div>\n\n\n\n<div class=\"wp-block-group is-layout-flow wp-block-group-is-layout-flow\">\n<h3 class=\"wp-block-heading is-service-name has-medium-font-size\" style=\"font-style:normal;font-weight:700\">2. Iniziare la formazione<\/h3>\n<\/div>\n\n\n\n<p class=\"is-service-description\">Concentratevi sul perfezionamento di ogni movimento senza distrazioni, assicurandovi che ogni ripetizione sia importante. Il <strong>AI<\/strong> interpreter\u00e0 per voi il gesto tecnico.<\/p>\n<\/div>\n\n\n\n<div class=\"wp-block-column is-layout-flow wp-block-column-is-layout-flow\">\n<figure class=\"wp-block-image size-full has-custom-border animated fadeInUp slower is-style-rounded o-anim-offset-400px\"><img loading=\"lazy\" decoding=\"async\" width=\"1369\" height=\"2048\" src=\"https:\/\/blog.watchfit.tech\/wp-content\/uploads\/2025\/08\/DSC09820.webp\" alt=\"\" class=\"wp-image-1805\" style=\"border-radius:30px;aspect-ratio:1;object-fit:cover\" srcset=\"https:\/\/blog.watchfit.tech\/wp-content\/uploads\/2025\/08\/DSC09820.webp 1369w, https:\/\/blog.watchfit.tech\/wp-content\/uploads\/2025\/08\/DSC09820-600x898.webp 600w, https:\/\/blog.watchfit.tech\/wp-content\/uploads\/2025\/08\/DSC09820-201x300.webp 201w, https:\/\/blog.watchfit.tech\/wp-content\/uploads\/2025\/08\/DSC09820-685x1024.webp 685w, https:\/\/blog.watchfit.tech\/wp-content\/uploads\/2025\/08\/DSC09820-768x1149.webp 768w, https:\/\/blog.watchfit.tech\/wp-content\/uploads\/2025\/08\/DSC09820-1027x1536.webp 1027w\" sizes=\"auto, (max-width: 1369px) 100vw, 1369px\" \/><\/figure>\n\n\n\n<div style=\"height:4px\" aria-hidden=\"true\" class=\"wp-block-spacer\"><\/div>\n\n\n\n<div class=\"wp-block-group is-layout-flow wp-block-group-is-layout-flow\">\n<h3 class=\"wp-block-heading is-service-name has-medium-font-size\" style=\"font-style:normal;font-weight:700\">3. Tenere traccia<\/h3>\n<\/div>\n\n\n\n<p class=\"is-service-description\">Dopo l'allenamento, controllate le vostre statistiche per vedere come vi siete comportati e seguite i vostri miglioramenti nel tempo semplicemente<strong> <\/strong>chiedendo il vostro<strong> Agente Watchfit <\/strong><em>alimentato da ChatGPT<\/em>.<\/p>\n<\/div>\n<\/div>\n\n\n\n<div style=\"height:calc( 0.25 * var(--wp--style--root--padding-right, var(--wp--custom--gap--horizontal)))\" aria-hidden=\"true\" class=\"wp-block-spacer\"><\/div>\n<\/div>\n\n\n\n<div class=\"wp-block-cover alignwide is-light\" style=\"min-height:600px;aspect-ratio:unset;\"><span aria-hidden=\"true\" class=\"wp-block-cover__background has-nv-site-bg-background-color has-background-dim-0 has-background-dim\"><\/span><div class=\"wp-block-cover__inner-container is-layout-flow wp-block-cover-is-layout-flow\">\n<div class=\"wp-block-group is-layout-flow wp-block-group-is-layout-flow\">\n<div style=\"height:80px\" aria-hidden=\"true\" class=\"wp-block-spacer\"><\/div>\n\n\n\n<h2 class=\"wp-block-heading has-text-align-center\">Scaricate l'App e iniziate a chattare con il vostro trainer AI.<\/h2>\n\n\n\n<figure class=\"wp-block-image aligncenter size-full\"><img decoding=\"async\" src=\"https:\/\/blog.watchfit.tech\/wp-content\/uploads\/2024\/11\/ee0e6fd4d6ad3283ce1b38e28481a51cb25a9dac.png\" alt=\"\" class=\"wp-image-282\"\/><\/figure>\n<\/div>\n\n\n\n<div class=\"wp-block-group alignwide is-content-justification-center is-nowrap is-layout-flex wp-container-core-group-is-layout-23441af8 wp-block-group-is-layout-flex\">\n<figure class=\"wp-block-image size-full is-resized animated slideInLeft slow o-anim-offset-50px\"><img decoding=\"async\" src=\"https:\/\/blog.watchfit.tech\/wp-content\/uploads\/2024\/11\/iPhone-15-Pro-Max-Mockup-Front-View-1.png\" alt=\"\" class=\"wp-image-220\" style=\"width:368px;height:auto\"\/><\/figure>\n\n\n\n<h3 class=\"wp-block-heading has-text-align-left o-typing-delay-2s o-typing-fast has-light-gray-color has-dark-gray-background-color has-text-color has-background\" style=\"border-style:none;border-width:0px;border-radius:40px;font-size:clamp(19.481px, 1.218rem + ((1vw - 3.2px) * 1.175), 31px);\"><o-anim-typing>Salve, siete pronti per iniziare l'allenamento?<\/o-anim-typing><\/h3>\n<\/div>\n\n\n\n<p><\/p>\n<\/div><\/div>\n\n\n\n<p><\/p>\n\n\n\n<figure class=\"wp-block-embed is-type-video is-provider-youtube wp-block-embed-youtube wp-embed-aspect-16-9 wp-has-aspect-ratio\"><div class=\"wp-block-embed__wrapper\">\n<iframe loading=\"lazy\" title=\"WATCHFIT Adv &quot;Mi piace&quot;\" width=\"720\" height=\"405\" src=\"https:\/\/www.youtube.com\/embed\/P29PugdM5t0?feature=oembed\" frameborder=\"0\" allow=\"accelerometer; autoplay; clipboard-write; encrypted-media; gyroscope; picture-in-picture; web-share\" referrerpolicy=\"strict-origin-when-cross-origin\" allowfullscreen><\/iframe>\n<\/div><\/figure>\n\n\n\n<p><\/p>\n\n\n\n<div class=\"wp-block-group alignfull has-text-color has-background is-layout-flow wp-block-group-is-layout-flow\" style=\"color:#000000;background-color:#ffffff\">\n<div style=\"height:64px\" aria-hidden=\"true\" class=\"wp-block-spacer\"><\/div>\n\n\n\n<p class=\"has-text-align-center has-small-font-size\" style=\"line-height:.9\"><strong>CONTATTATECI<\/strong><\/p>\n\n\n\n<h2 class=\"wp-block-heading has-text-align-center\" id=\"schedule-a-visit\" style=\"font-size:clamp(32.969px, 2.061rem + ((1vw - 3.2px) * 2.656), 59px);px;line-height:1.15\"><strong>Iscriviti a WATCHFIT<\/strong><\/h2>\n\n\n\n<div class=\"wp-block-buttons is-horizontal is-content-justification-center is-layout-flex wp-container-core-buttons-is-layout-03627597 wp-block-buttons-is-layout-flex\">\n<div class=\"wp-block-button has-custom-width wp-block-button__width-50\"><a class=\"wp-block-button__link has-text-color has-background wp-element-button\" href=\"https:\/\/store.watchfit.tech\/customer-contact\/\" style=\"border-radius:50px;color:#ffffff;background-color:#000000\">Contattateci<\/a><\/div>\n<\/div>\n\n\n\n<div style=\"height:64px\" aria-hidden=\"true\" class=\"wp-block-spacer\"><\/div>\n\n\n\n<div class=\"wp-block-group alignwide wc-blocks-pattern-footer-simple-menu wc-blocks-footer-pattern has-white-color has-black-background-color has-text-color has-background has-link-color wp-elements-c4abd2e3cb577a26982744ba9771608f is-vertical is-content-justification-stretch is-layout-flex wp-container-core-group-is-layout-e7939f8c wp-block-group-is-layout-flex\" style=\"padding-top:40px;padding-right:40px;padding-bottom:40px;padding-left:40px\">\n<div class=\"wp-block-group alignfull is-content-justification-center is-layout-flex wp-container-core-group-is-layout-49a3a3af wp-block-group-is-layout-flex\" style=\"padding-right:0;padding-left:0\">\n<div class=\"wp-block-group is-layout-flex wp-container-core-group-is-layout-3821ebe5 wp-block-group-is-layout-flex\"><form role=\"search\" method=\"get\" action=\"https:\/\/blog.watchfit.tech\/it\/\" class=\"wp-block-search__button-outside wp-block-search__icon-button wp-block-search\" data-trp-original-action=\"https:\/\/blog.watchfit.tech\/it\/\"    ><label class=\"wp-block-search__label screen-reader-text\" for=\"wp-block-search__input-2\" >Ricerca<\/label><div class=\"wp-block-search__inside-wrapper\"  style=\"width: 100%\"><input class=\"wp-block-search__input\" id=\"wp-block-search__input-2\" placeholder=\"Ricerca\" value=\"\" type=\"search\" name=\"s\" required style=\"border-radius: 0px\"\/><input type=\"hidden\" name=\"post_type\" value=\"product\" \/><button aria-label=\"Ricerca\" class=\"wp-block-search__button has-icon wp-element-button\" type=\"submit\"  style=\"border-radius: 0px\"><svg class=\"search-icon\" viewbox=\"0 0 24 24\" width=\"24\" height=\"24\">\n\t\t\t\t\t<path d=\"M13 5c-3.3 0-6 2.7-6 6 0 1.4.5 2.7 1.3 3.7l-3.8 3.8 1.1 1.1 3.8-3.8c1 .8 2.3 1.3 3.7 1.3 3.3 0 6-2.7 6-6S16.3 5 13 5zm0 10.5c-2.5 0-4.5-2-4.5-4.5s2-4.5 4.5-4.5 4.5 2 4.5 4.5-2 4.5-4.5 4.5z\"><\/path>\n\t\t\t\t<\/svg><\/button><\/div><input type=\"hidden\" name=\"trp-form-language\" value=\"it\"\/><\/form><\/div>\n<\/div>\n\n\n\n<hr class=\"wp-block-separator alignfull has-alpha-channel-opacity is-style-wide\" style=\"margin-top:var(--wp--preset--spacing--40);margin-bottom:var(--wp--preset--spacing--40)\"\/>\n\n\n\n<div class=\"wp-block-group is-vertical is-content-justification-center is-nowrap is-layout-flex wp-container-core-group-is-layout-990c0ef6 wp-block-group-is-layout-flex\"><h1 class=\"wp-block-site-title\"><a href=\"https:\/\/blog.watchfit.tech\/it\" target=\"_self\" rel=\"home\">WATCHFIT\u00ae | Traccia i tuoi risultati<\/a><\/h1>\n\n\n<p class=\"has-text-align-center\"><strong>WATCHFIT\u00ae<\/strong>&nbsp;Azienda di tecnologia AI per il fitness<\/p>\n\n\n\n<p>P.IVA 03553170121 | Sesto Calende (VA), Italia<\/p>\n\n\n\n<p class=\"has-text-align-center\">Copyright<strong>\u00a9<\/strong>&nbsp;2025 |&nbsp;<a href=\"https:\/\/launch.watchfit.tech\/privacy-policy\/\">Informativa sulla privacy<\/a>&nbsp;|&nbsp;<a href=\"https:\/\/launch.watchfit.tech\/cookie-policy\/\">Informativa sui cookie<\/a> | <a href=\"https:\/\/blog.watchfit.tech\/it\/terms-of-use\/\" data-type=\"page\" data-id=\"1019\">Durata dell'utilizzo<\/a><\/p>\n<\/div>\n<\/div>\n<\/div>","protected":false},"excerpt":{"rendered":"<p>GET IN TOUCH Join WATCHFIT WATCHFIT\u00ae&nbsp;AI Fitness Tech Company P.IVA 03553170121 | Sesto Calende (VA), Italy Copyright\u00a9&nbsp;2025 |&nbsp;Privacy Policy&nbsp;|&nbsp;Cookie Policy | Term of Use<\/p>","protected":false},"author":1,"featured_media":0,"parent":0,"menu_order":0,"comment_status":"closed","ping_status":"closed","template":"page-templates\/contained-no-title.php","meta":{"rop_custom_images_group":[],"rop_custom_messages_group":[],"rop_publish_now":"initial","rop_publish_now_accounts":[],"rop_publish_now_history":[],"rop_publish_now_status":"pending","footnotes":""},"class_list":["post-59","page","type-page","status-publish","hentry"],"_links":{"self":[{"href":"https:\/\/blog.watchfit.tech\/it\/wp-json\/wp\/v2\/pages\/59","targetHints":{"allow":["GET"]}}],"collection":[{"href":"https:\/\/blog.watchfit.tech\/it\/wp-json\/wp\/v2\/pages"}],"about":[{"href":"https:\/\/blog.watchfit.tech\/it\/wp-json\/wp\/v2\/types\/page"}],"author":[{"embeddable":true,"href":"https:\/\/blog.watchfit.tech\/it\/wp-json\/wp\/v2\/users\/1"}],"replies":[{"embeddable":true,"href":"https:\/\/blog.watchfit.tech\/it\/wp-json\/wp\/v2\/comments?post=59"}],"version-history":[{"count":122,"href":"https:\/\/blog.watchfit.tech\/it\/wp-json\/wp\/v2\/pages\/59\/revisions"}],"predecessor-version":[{"id":2315,"href":"https:\/\/blog.watchfit.tech\/it\/wp-json\/wp\/v2\/pages\/59\/revisions\/2315"}],"wp:attachment":[{"href":"https:\/\/blog.watchfit.tech\/it\/wp-json\/wp\/v2\/media?parent=59"}],"curies":[{"name":"wp","href":"https:\/\/api.w.org\/{rel}","templated":true}]}}